{"id":30369,"date":"2026-04-21T15:10:51","date_gmt":"2026-04-21T14:10:51","guid":{"rendered":"https:\/\/sofa-factory.es\/?post_type=product&#038;p=30369"},"modified":"2026-04-22T04:57:39","modified_gmt":"2026-04-22T03:57:39","slug":"chaisslong-blanca-215cm-con-mesa-centro","status":"publish","type":"product","link":"https:\/\/sofa-factory.es\/?product=chaisslong-blanca-215cm-con-mesa-centro","title":{"rendered":"Chaisslong BLANCA 215cm con mesa centro"},"content":{"rendered":"<p><span style=\"font-size: 12pt;\">Medidas totales 215 x 140cm<\/span><\/p>\n<p>DISE\u00d1O MODERNO Y ELEGANTE. Las l\u00edneas rectas dan un dise\u00f1o neutro tanto para ambientes modernos como mas tradicionales.<\/p>\n<p>MEDIDAS.\u00a0Mirando de frente, 140 (izquierda) x 215 (derecha), altura 78, fondo 73. Altura asiento (sentada) 40cm, altura brazo 60cm. MESA 61x61x30cm (altura). Peso del conjunto completo 41kg.<\/p>\n<p>MONTAJE.\u00a0 La chaisslong NO es KIT. Solamente hay que montar los respaldos de la chaisslong. La mesa de centro es de una pieza. F\u00e1cil montaje.<\/p>\n<p>MATERIALES.\u00a0Estructura de aluminio trenzado en polirat\u00e1n para exterior double flat. El cristal templado de 5mm da mayor seguridad y resistencia. En caso de rotura, no se fragmenta<\/p>\n<p>COJINES INCLUIDOS.\u00a0Todos los cojines son desenfundables. Llevan cremallera para lavar cuando sea necesario. Grosor coj\u00edn asiento 10cm, grosor coj\u00edn respaldo 19cm. Cojines del asiento con goma densidad 25KG, cojines del respaldo de fibra.<\/p>\n","protected":false},"excerpt":{"rendered":"<p><span style=\"font-size: 18px;\">Chaisslong para jard\u00edn modelo BLANCA 215cm.<\/span><\/p>\n<p><span style=\"font-size: 18px;\">Estructura de aluminio y rat\u00e1n sint\u00e9tico.<\/span><\/p>\n<p><span style=\"font-size: 18px;\">Estilo moderno. Para terraza o patio.<\/span><\/p>\n<p><span style=\"font-size: 18px;\">Cojines incluidos.<\/span><\/p>\n<p>&nbsp;<\/p>\n","protected":false},"featured_media":28815,"template":"","meta":{"_joinchat":[]},"product_brand":[],"product_cat":[711,710,699,988],"product_tag":[800,799,798],"class_list":{"0":"post-30369","1":"product","2":"type-product","3":"status-publish","4":"has-post-thumbnail","6":"product_cat-conjuntos-sofa","7":"product_cat-mueble-de-jardin","8":"product_cat-promociones-en-liquidacion","9":"product_cat-promociones","10":"product_tag-4-plazas","11":"product_tag-chaisslong-para-jardin","12":"product_tag-estructura-de-aluminio","14":"first","15":"instock","16":"sale","17":"taxable","18":"shipping-taxable","19":"purchasable","20":"product-type-simple"},"_links":{"self":[{"href":"https:\/\/sofa-factory.es\/index.php?rest_route=\/wp\/v2\/product\/30369","targetHints":{"allow":["GET"]}}],"collection":[{"href":"https:\/\/sofa-factory.es\/index.php?rest_route=\/wp\/v2\/product"}],"about":[{"href":"https:\/\/sofa-factory.es\/index.php?rest_route=\/wp\/v2\/types\/product"}],"version-history":[{"count":2,"href":"https:\/\/sofa-factory.es\/index.php?rest_route=\/wp\/v2\/product\/30369\/revisions"}],"predecessor-version":[{"id":30371,"href":"https:\/\/sofa-factory.es\/index.php?rest_route=\/wp\/v2\/product\/30369\/revisions\/30371"}],"wp:featuredmedia":[{"embeddable":true,"href":"https:\/\/sofa-factory.es\/index.php?rest_route=\/wp\/v2\/media\/28815"}],"wp:attachment":[{"href":"https:\/\/sofa-factory.es\/index.php?rest_route=%2Fwp%2Fv2%2Fmedia&parent=30369"}],"wp:term":[{"taxonomy":"product_brand","embeddable":true,"href":"https:\/\/sofa-factory.es\/index.php?rest_route=%2Fwp%2Fv2%2Fproduct_brand&post=30369"},{"taxonomy":"product_cat","embeddable":true,"href":"https:\/\/sofa-factory.es\/index.php?rest_route=%2Fwp%2Fv2%2Fproduct_cat&post=30369"},{"taxonomy":"product_tag","embeddable":true,"href":"https:\/\/sofa-factory.es\/index.php?rest_route=%2Fwp%2Fv2%2Fproduct_tag&post=30369"}],"curies":[{"name":"wp","href":"https:\/\/api.w.org\/{rel}","templated":true}]}}