{"id":30110,"date":"2025-12-29T17:53:38","date_gmt":"2025-12-29T16:53:38","guid":{"rendered":"https:\/\/sofa-factory.es\/?post_type=product&#038;p=30110"},"modified":"2026-04-16T04:04:22","modified_gmt":"2026-04-16T03:04:22","slug":"sofa-cama-milano-mecanismo-italiano-140cm","status":"publish","type":"product","link":"https:\/\/sofa-factory.es\/?product=sofa-cama-milano-mecanismo-italiano-140cm","title":{"rendered":"Sof\u00e1 cama MILANO mecanismo italiano 140cm"},"content":{"rendered":"<p><span style=\"font-size: 14pt;\">Sof\u00e1 cama apertura italiana 3 plazas modelo MILANO.<\/span><\/p>\n<p><span style=\"font-size: 14pt;\">Medidas: Ancho 204cm, alto 105cm, profundidad 98cm (con cama abierta) 210cm.<\/span><\/p>\n<p><span style=\"font-size: 14pt;\">Colch\u00f3n de 140x200cm, 12cm grosor.\u00a0<\/span><\/p>\n<p><span style=\"font-size: 14pt;\">Fabricado con s\u00f3lida estructura de madera. Espuma de poliuretano de gran densidad. Patas de madera con acabado en negro.<\/span><\/p>\n<p><span style=\"font-size: 14pt;\">Otros tejidos disponibles bajo pedido.<\/span><\/p>\n<p>&nbsp;<\/p>\n","protected":false},"excerpt":{"rendered":"<div class=\"b-text text prd-text\">\n<div class=\"prd-text-c\">\n<p><span style=\"font-size: 20px;\">Sof\u00e1 MILANO cama italiana 140cm<\/span><\/p>\n<p><span style=\"font-size: 20px;\">Colch\u00f3n 140x200cm extra confort<\/span><\/p>\n<p><span style=\"font-size: 20px;\">Tela acualine \u00faltima generac\u00edon de f\u00e1cil limpieza<\/span><\/p>\n<\/div>\n<\/div>\n","protected":false},"featured_media":30114,"template":"","meta":{"_joinchat":[]},"product_brand":[],"product_cat":[700,703],"product_tag":[775,773],"class_list":{"0":"post-30110","1":"product","2":"type-product","3":"status-publish","4":"has-post-thumbnail","6":"product_cat-sofas-y-tapizados","7":"product_cat-sofascama","8":"product_tag-3-plazas","9":"product_tag-sofacama-italiano","11":"first","12":"instock","13":"sale","14":"taxable","15":"shipping-taxable","16":"purchasable","17":"product-type-simple"},"_links":{"self":[{"href":"https:\/\/sofa-factory.es\/index.php?rest_route=\/wp\/v2\/product\/30110","targetHints":{"allow":["GET"]}}],"collection":[{"href":"https:\/\/sofa-factory.es\/index.php?rest_route=\/wp\/v2\/product"}],"about":[{"href":"https:\/\/sofa-factory.es\/index.php?rest_route=\/wp\/v2\/types\/product"}],"version-history":[{"count":1,"href":"https:\/\/sofa-factory.es\/index.php?rest_route=\/wp\/v2\/product\/30110\/revisions"}],"predecessor-version":[{"id":30112,"href":"https:\/\/sofa-factory.es\/index.php?rest_route=\/wp\/v2\/product\/30110\/revisions\/30112"}],"wp:featuredmedia":[{"embeddable":true,"href":"https:\/\/sofa-factory.es\/index.php?rest_route=\/wp\/v2\/media\/30114"}],"wp:attachment":[{"href":"https:\/\/sofa-factory.es\/index.php?rest_route=%2Fwp%2Fv2%2Fmedia&parent=30110"}],"wp:term":[{"taxonomy":"product_brand","embeddable":true,"href":"https:\/\/sofa-factory.es\/index.php?rest_route=%2Fwp%2Fv2%2Fproduct_brand&post=30110"},{"taxonomy":"product_cat","embeddable":true,"href":"https:\/\/sofa-factory.es\/index.php?rest_route=%2Fwp%2Fv2%2Fproduct_cat&post=30110"},{"taxonomy":"product_tag","embeddable":true,"href":"https:\/\/sofa-factory.es\/index.php?rest_route=%2Fwp%2Fv2%2Fproduct_tag&post=30110"}],"curies":[{"name":"wp","href":"https:\/\/api.w.org\/{rel}","templated":true}]}}