{"id":30019,"date":"2025-11-27T12:00:08","date_gmt":"2025-11-27T11:00:08","guid":{"rendered":"https:\/\/sofa-factory.es\/?post_type=product&#038;p=30019"},"modified":"2026-04-17T08:29:07","modified_gmt":"2026-04-17T07:29:07","slug":"rinconera-ohio-305x200cm-estilo-moderno-2","status":"publish","type":"product","link":"https:\/\/sofa-factory.es\/?product=rinconera-ohio-305x200cm-estilo-moderno-2","title":{"rendered":"Rinconera OHIO 305X200cm estilo moderno"},"content":{"rendered":"<p><span style=\"font-size: 14pt;\">Composici\u00f3n: M\u00f3dulo 3 plazas + m\u00f3dulo 2 plazas tela acualine \u00faltima generac\u00edon de f\u00e1cil limpieza.<\/span><\/p>\n<p><span style=\"font-size: 14pt;\">Medidas total 305cm x 200cm.<\/span><\/p>\n<p><span style=\"font-size: 14pt;\">Respaldos de fibra siliconada.<\/span><\/p>\n<p><span style=\"font-size: 14pt;\">Armaz\u00f3n de madera y tablero.<br \/>\n<\/span><\/p>\n","protected":false},"excerpt":{"rendered":"<p><span style=\"font-size: 14pt;\">Rinconera OHIO estilo moderno<\/span><\/p>\n<p><span style=\"font-size: 14pt;\">Ancho total 305cm x 200cm. <\/span><span style=\"font-size: 18.6667px;\">En stock en la exposici\u00f3n<\/span><\/p>\n<p><span style=\"font-size: 14pt;\">Tela acualine \u00faltima generaci\u00f3n de f\u00e1cil limpieza<\/span><\/p>\n<p><span style=\"font-size: 14pt;\">Entrega a la agencia en 30 d\u00edas para otros tejidos<\/span><\/p>\n","protected":false},"featured_media":27797,"template":"","meta":{"_joinchat":[]},"product_brand":[],"product_cat":[707,700],"product_tag":[822],"class_list":{"0":"post-30019","1":"product","2":"type-product","3":"status-publish","4":"has-post-thumbnail","6":"product_cat-rinconeras","7":"product_cat-sofas-y-tapizados","8":"product_tag-5-plazas","9":"pa_sentido-chaisslong-derecha-mirando-de-frente","10":"pa_sentido-chaisslong-izquierda-mirando-de-frente","12":"first","13":"onbackorder","14":"sale","15":"taxable","16":"shipping-taxable","17":"purchasable","18":"product-type-simple"},"_links":{"self":[{"href":"https:\/\/sofa-factory.es\/index.php?rest_route=\/wp\/v2\/product\/30019","targetHints":{"allow":["GET"]}}],"collection":[{"href":"https:\/\/sofa-factory.es\/index.php?rest_route=\/wp\/v2\/product"}],"about":[{"href":"https:\/\/sofa-factory.es\/index.php?rest_route=\/wp\/v2\/types\/product"}],"version-history":[{"count":2,"href":"https:\/\/sofa-factory.es\/index.php?rest_route=\/wp\/v2\/product\/30019\/revisions"}],"predecessor-version":[{"id":30026,"href":"https:\/\/sofa-factory.es\/index.php?rest_route=\/wp\/v2\/product\/30019\/revisions\/30026"}],"wp:featuredmedia":[{"embeddable":true,"href":"https:\/\/sofa-factory.es\/index.php?rest_route=\/wp\/v2\/media\/27797"}],"wp:attachment":[{"href":"https:\/\/sofa-factory.es\/index.php?rest_route=%2Fwp%2Fv2%2Fmedia&parent=30019"}],"wp:term":[{"taxonomy":"product_brand","embeddable":true,"href":"https:\/\/sofa-factory.es\/index.php?rest_route=%2Fwp%2Fv2%2Fproduct_brand&post=30019"},{"taxonomy":"product_cat","embeddable":true,"href":"https:\/\/sofa-factory.es\/index.php?rest_route=%2Fwp%2Fv2%2Fproduct_cat&post=30019"},{"taxonomy":"product_tag","embeddable":true,"href":"https:\/\/sofa-factory.es\/index.php?rest_route=%2Fwp%2Fv2%2Fproduct_tag&post=30019"}],"curies":[{"name":"wp","href":"https:\/\/api.w.org\/{rel}","templated":true}]}}