{"id":30006,"date":"2025-10-22T09:31:13","date_gmt":"2025-10-22T08:31:13","guid":{"rendered":"https:\/\/sofa-factory.es\/?post_type=product&#038;p=30006"},"modified":"2026-04-30T16:16:55","modified_gmt":"2026-04-30T15:16:55","slug":"sofa-lineal-madrid-235cm-asientos-carro","status":"publish","type":"product","link":"https:\/\/sofa-factory.es\/?product=sofa-lineal-madrid-235cm-asientos-carro","title":{"rendered":"Sof\u00e1 lineal MADRID 235cm asientos carro"},"content":{"rendered":"<p><span style=\"font-size: 14pt;\">Sof\u00e1 lineal MADRID 2 asientos carro<\/span><\/p>\n<p><span style=\"font-size: 14pt;\">Tela WATER REPELLENT \u00faltima generac\u00edon de f\u00e1cil limpieza.<\/span><\/p>\n<p><span style=\"font-size: 14pt;\">Medidas ancho 200 cm<\/span><\/p>\n<p><span style=\"font-size: 14pt;\">Respaldos de almohadas fibra hueca. <\/span><span style=\"font-size: 14pt;\">Asientos\u00a0 desenfundables de gomaespuma de 30 kg + capa de super soft.<\/span><\/p>\n<p><span style=\"font-size: 14pt;\">Asientos deslizantes super extraible<br \/>\n<\/span><\/p>\n","protected":false},"excerpt":{"rendered":"<p><span style=\"font-size: 14pt;\">Sof\u00e1 lineal MADRID 2 asientos carro<\/span><\/p>\n<p><span style=\"font-size: 14pt;\">Ancho total 200 x 95cm<br \/>\n<\/span><\/p>\n<p><span style=\"font-size: 14pt;\">Se puede hacer chaisslongue del mismo ancho<\/span><\/p>\n<p><span style=\"font-size: 14pt;\">Brazos con almohadas de espuma super soft<\/span><\/p>\n<p><span style=\"font-size: 14pt;\">Tela WATER REPELLENT \u00faltima generaci\u00f3n de f\u00e1cil limpieza<\/span><\/p>\n<p><span style=\"font-size: 14pt;\">Entrega a la agencia en 25 d\u00edas<\/span><\/p>\n","protected":false},"featured_media":29707,"template":"","meta":{"_joinchat":[]},"product_brand":[],"product_cat":[708,700],"product_tag":[1034,1033,1035],"class_list":{"0":"post-30006","1":"product","2":"type-product","3":"status-publish","4":"has-post-thumbnail","6":"product_cat-sofas-lineales","7":"product_cat-sofas-y-tapizados","8":"product_tag-asientos-desliantes","9":"product_tag-lineal","10":"product_tag-water-repellent","12":"first","13":"instock","14":"sale","15":"taxable","16":"shipping-taxable","17":"purchasable","18":"product-type-simple"},"_links":{"self":[{"href":"https:\/\/sofa-factory.es\/index.php?rest_route=\/wp\/v2\/product\/30006","targetHints":{"allow":["GET"]}}],"collection":[{"href":"https:\/\/sofa-factory.es\/index.php?rest_route=\/wp\/v2\/product"}],"about":[{"href":"https:\/\/sofa-factory.es\/index.php?rest_route=\/wp\/v2\/types\/product"}],"version-history":[{"count":3,"href":"https:\/\/sofa-factory.es\/index.php?rest_route=\/wp\/v2\/product\/30006\/revisions"}],"predecessor-version":[{"id":30433,"href":"https:\/\/sofa-factory.es\/index.php?rest_route=\/wp\/v2\/product\/30006\/revisions\/30433"}],"wp:featuredmedia":[{"embeddable":true,"href":"https:\/\/sofa-factory.es\/index.php?rest_route=\/wp\/v2\/media\/29707"}],"wp:attachment":[{"href":"https:\/\/sofa-factory.es\/index.php?rest_route=%2Fwp%2Fv2%2Fmedia&parent=30006"}],"wp:term":[{"taxonomy":"product_brand","embeddable":true,"href":"https:\/\/sofa-factory.es\/index.php?rest_route=%2Fwp%2Fv2%2Fproduct_brand&post=30006"},{"taxonomy":"product_cat","embeddable":true,"href":"https:\/\/sofa-factory.es\/index.php?rest_route=%2Fwp%2Fv2%2Fproduct_cat&post=30006"},{"taxonomy":"product_tag","embeddable":true,"href":"https:\/\/sofa-factory.es\/index.php?rest_route=%2Fwp%2Fv2%2Fproduct_tag&post=30006"}],"curies":[{"name":"wp","href":"https:\/\/api.w.org\/{rel}","templated":true}]}}