{"id":29405,"date":"2025-01-28T17:02:05","date_gmt":"2025-01-28T16:02:05","guid":{"rendered":"https:\/\/sofa-factory.es\/?post_type=product&#038;p=29405"},"modified":"2026-04-16T14:08:08","modified_gmt":"2026-04-16T13:08:08","slug":"pack-canape-madera-patas-colchon-jonico-ensacado-soja","status":"publish","type":"product","link":"https:\/\/sofa-factory.es\/?product=pack-canape-madera-patas-colchon-jonico-ensacado-soja","title":{"rendered":"Pack canap\u00e9 madera patas + colch\u00f3n J\u00f3nico ensacado soja"},"content":{"rendered":"","protected":false},"excerpt":{"rendered":"<p><span style=\"font-size: 18px\">Pack completo de canap\u00e9 de madera 30mm con colch\u00f3n J\u00f3nico ensacado de soja de 40kg densidad con altura<\/span><span style=\"font-size: 18px\"> 30cm.<br \/>\n<\/span><\/p>\n<p>*consultar medidas y disponibilidad<\/p>\n<p>Altura total del pack 64.50 cm, altura de las patas 12 cm( para que pase el robot)<\/p>\n<p><span style=\"font-size: 18px\"><strong>S\u00f3lo se env\u00eda con la modalidad \u00abservicio de entrega dentro del domicilio\u00bb, salvo para la zona de Torrevieja, donde se entregar\u00e1 dentro del domicilio, CON MONTAJE incluido en el precio<\/strong><\/span><\/p>\n<p>*El tejido del colch\u00f3n puede variar de la foto<\/p>\n","protected":false},"featured_media":29413,"template":"","meta":{"_joinchat":[]},"product_brand":[],"product_cat":[726,1001],"product_tag":[],"class_list":{"0":"post-29405","1":"product","2":"type-product","3":"status-publish","4":"has-post-thumbnail","6":"product_cat-descanso","7":"product_cat-packs-de-descanso","8":"pa_medida-135x190cm","9":"pa_medida-150x190cm","10":"pa_medida-90x190cm","12":"first","13":"onbackorder","14":"taxable","15":"shipping-taxable","16":"purchasable","17":"product-type-variable","18":"has-default-attributes"},"_links":{"self":[{"href":"https:\/\/sofa-factory.es\/index.php?rest_route=\/wp\/v2\/product\/29405","targetHints":{"allow":["GET"]}}],"collection":[{"href":"https:\/\/sofa-factory.es\/index.php?rest_route=\/wp\/v2\/product"}],"about":[{"href":"https:\/\/sofa-factory.es\/index.php?rest_route=\/wp\/v2\/types\/product"}],"version-history":[{"count":1,"href":"https:\/\/sofa-factory.es\/index.php?rest_route=\/wp\/v2\/product\/29405\/revisions"}],"predecessor-version":[{"id":29424,"href":"https:\/\/sofa-factory.es\/index.php?rest_route=\/wp\/v2\/product\/29405\/revisions\/29424"}],"wp:featuredmedia":[{"embeddable":true,"href":"https:\/\/sofa-factory.es\/index.php?rest_route=\/wp\/v2\/media\/29413"}],"wp:attachment":[{"href":"https:\/\/sofa-factory.es\/index.php?rest_route=%2Fwp%2Fv2%2Fmedia&parent=29405"}],"wp:term":[{"taxonomy":"product_brand","embeddable":true,"href":"https:\/\/sofa-factory.es\/index.php?rest_route=%2Fwp%2Fv2%2Fproduct_brand&post=29405"},{"taxonomy":"product_cat","embeddable":true,"href":"https:\/\/sofa-factory.es\/index.php?rest_route=%2Fwp%2Fv2%2Fproduct_cat&post=29405"},{"taxonomy":"product_tag","embeddable":true,"href":"https:\/\/sofa-factory.es\/index.php?rest_route=%2Fwp%2Fv2%2Fproduct_tag&post=29405"}],"curies":[{"name":"wp","href":"https:\/\/api.w.org\/{rel}","templated":true}]}}