{"id":29250,"date":"2025-01-27T17:43:38","date_gmt":"2025-01-27T16:43:38","guid":{"rendered":"https:\/\/sofa-factory.es\/?post_type=product&#038;p=29250"},"modified":"2026-04-16T14:12:46","modified_gmt":"2026-04-16T13:12:46","slug":"canape-articulado-madera-varios-colores","status":"publish","type":"product","link":"https:\/\/sofa-factory.es\/?product=canape-articulado-madera-varios-colores","title":{"rendered":"Canape ARTICULADO madera varios colores"},"content":{"rendered":"<p><span style=\"font-size: 18px;\">Altura total 35.50cm. <\/span><span style=\"font-size: 18px;\">Fondo libre interior 28.50cm.<\/span><\/p>\n<p><span style=\"font-size: 18px;\">Mando inal\u00e1mbrico incluido.<\/span><\/p>\n<p><span style=\"font-size: 18px;\">Grosor de la madera 3cm.<\/span><\/p>\n<p><span style=\"font-size: 18px;\">Se puede fabricar con apertura lateral.<\/span><\/p>\n<p><span style=\"font-size: 18px;\">Opci\u00f3n de apertura en 2 cuerpos independientes. Consultar precios.<\/span><\/p>\n","protected":false},"excerpt":{"rendered":"<p><span style=\"font-size: 18px;\">Canap\u00e9 madera modelo ARTICULADO. Disponible en color \u00e1rtico, blanco y cambri\u00e1n<\/span><\/p>\n<p><span style=\"font-size: 18px;\">Precios con 1 tapa articulada en total<\/span><\/p>\n<p><span style=\"font-size: 18px;\">Medidas ancho (90cm hasta 160cm) x largos (180cm hasta 200cm), y colores vintage, wengu\u00e9 y cerezo, para todas las medidas, tambi\u00e9n disponible. Consultar precios<\/span><\/p>\n<p><span style=\"font-size: 18px;\">Para las medidas 135-140-150 y 160cm de ancho, tenemos la opci\u00f3n de 2 cuerpos independientes con 2 motores, uno para cada lado de la cama<\/span><\/p>\n<p><span style=\"font-size: 18px;\"><strong>S\u00f3lo se env\u00eda con la modalidad \u00abservicio de entrega dentro del domicilio\u00bb, salvo para la zona de Torrevieja, donde se entregar\u00e1 CON MONTAJE incluido en el precio<\/strong><\/span><\/p>\n<p><span style=\"font-size: 18px;\">Tablero de 30mm grosor<\/span><\/p>\n","protected":false},"featured_media":29263,"template":"","meta":{"_joinchat":[]},"product_brand":[],"product_cat":[1026,728,726],"product_tag":[],"class_list":{"0":"post-29250","1":"product","2":"type-product","3":"status-publish","4":"has-post-thumbnail","6":"product_cat-canapes","7":"product_cat-canapes-y-bases","8":"product_cat-descanso","9":"pa_medida-135x190cm","10":"pa_medida-150x190cm","11":"pa_medida-90x190cm","13":"first","14":"onbackorder","15":"sale","16":"taxable","17":"shipping-taxable","18":"purchasable","19":"product-type-variable","20":"has-default-attributes"},"_links":{"self":[{"href":"https:\/\/sofa-factory.es\/index.php?rest_route=\/wp\/v2\/product\/29250","targetHints":{"allow":["GET"]}}],"collection":[{"href":"https:\/\/sofa-factory.es\/index.php?rest_route=\/wp\/v2\/product"}],"about":[{"href":"https:\/\/sofa-factory.es\/index.php?rest_route=\/wp\/v2\/types\/product"}],"version-history":[{"count":2,"href":"https:\/\/sofa-factory.es\/index.php?rest_route=\/wp\/v2\/product\/29250\/revisions"}],"predecessor-version":[{"id":29274,"href":"https:\/\/sofa-factory.es\/index.php?rest_route=\/wp\/v2\/product\/29250\/revisions\/29274"}],"wp:featuredmedia":[{"embeddable":true,"href":"https:\/\/sofa-factory.es\/index.php?rest_route=\/wp\/v2\/media\/29263"}],"wp:attachment":[{"href":"https:\/\/sofa-factory.es\/index.php?rest_route=%2Fwp%2Fv2%2Fmedia&parent=29250"}],"wp:term":[{"taxonomy":"product_brand","embeddable":true,"href":"https:\/\/sofa-factory.es\/index.php?rest_route=%2Fwp%2Fv2%2Fproduct_brand&post=29250"},{"taxonomy":"product_cat","embeddable":true,"href":"https:\/\/sofa-factory.es\/index.php?rest_route=%2Fwp%2Fv2%2Fproduct_cat&post=29250"},{"taxonomy":"product_tag","embeddable":true,"href":"https:\/\/sofa-factory.es\/index.php?rest_route=%2Fwp%2Fv2%2Fproduct_tag&post=29250"}],"curies":[{"name":"wp","href":"https:\/\/api.w.org\/{rel}","templated":true}]}}