{"id":28932,"date":"2025-01-18T13:22:56","date_gmt":"2025-01-18T12:22:56","guid":{"rendered":"https:\/\/sofa-factory.es\/?post_type=product&#038;p=28932"},"modified":"2026-05-08T21:18:48","modified_gmt":"2026-05-08T20:18:48","slug":"chaisslong-astra-240cm-asientos-carro","status":"publish","type":"product","link":"https:\/\/sofa-factory.es\/?product=chaisslong-astra-240cm-asientos-carro","title":{"rendered":"Chaisslong ASTRA 300cm asientos carro"},"content":{"rendered":"<p><span style=\"font-size: 14pt;\">Chaisslong ASTRA asientos carro<\/span><\/p>\n<p><span style=\"font-size: 14pt;\">Tela acualine \u00faltima generac\u00edon de f\u00e1cil limpieza.<\/span><\/p>\n<p><span style=\"font-size: 14pt;\">Medidas ancho posibles: 300cm &#8211; 270cm &#8211; 240cm x 165cm (chaisslong).<\/span><\/p>\n<p><span style=\"font-size: 14pt;\">Respaldos de fibra siliconada.<\/span><\/p>\n<p><span style=\"font-size: 14pt;\">Armaz\u00f3n de madera y tablero.<br \/>\n<\/span><\/p>\n","protected":false},"excerpt":{"rendered":"<p><span style=\"font-size: 14pt;\">Chaisslong ASTRA con 2 asientos de carro extensibles<\/span><\/p>\n<p><span style=\"font-size: 14pt;\">Ancho total 300 x 165cm<\/span><\/p>\n<p><span style=\"font-size: 14pt;\">Se puede hacer sof\u00e1 lineal del mismo ancho<\/span><\/p>\n<p><span style=\"font-size: 14pt;\">Brazos deslizantes con arcones<\/span><\/p>\n<p><span style=\"font-size: 14pt;\">Tela acualine \u00faltima generaci\u00f3n de f\u00e1cil limpieza<\/span><\/p>\n<p><span style=\"font-size: 14pt;\">Entrega a la agencia en 25 d\u00edas<\/span><\/p>\n","protected":false},"featured_media":28937,"template":"","meta":{"_joinchat":[]},"product_brand":[],"product_cat":[704,700],"product_tag":[],"class_list":{"0":"post-28932","1":"product","2":"type-product","3":"status-publish","4":"has-post-thumbnail","6":"product_cat-chaisse-longues","7":"product_cat-sofas-y-tapizados","9":"first","10":"instock","11":"sale","12":"taxable","13":"shipping-taxable","14":"purchasable","15":"product-type-simple"},"_links":{"self":[{"href":"https:\/\/sofa-factory.es\/index.php?rest_route=\/wp\/v2\/product\/28932","targetHints":{"allow":["GET"]}}],"collection":[{"href":"https:\/\/sofa-factory.es\/index.php?rest_route=\/wp\/v2\/product"}],"about":[{"href":"https:\/\/sofa-factory.es\/index.php?rest_route=\/wp\/v2\/types\/product"}],"version-history":[{"count":3,"href":"https:\/\/sofa-factory.es\/index.php?rest_route=\/wp\/v2\/product\/28932\/revisions"}],"predecessor-version":[{"id":28939,"href":"https:\/\/sofa-factory.es\/index.php?rest_route=\/wp\/v2\/product\/28932\/revisions\/28939"}],"wp:featuredmedia":[{"embeddable":true,"href":"https:\/\/sofa-factory.es\/index.php?rest_route=\/wp\/v2\/media\/28937"}],"wp:attachment":[{"href":"https:\/\/sofa-factory.es\/index.php?rest_route=%2Fwp%2Fv2%2Fmedia&parent=28932"}],"wp:term":[{"taxonomy":"product_brand","embeddable":true,"href":"https:\/\/sofa-factory.es\/index.php?rest_route=%2Fwp%2Fv2%2Fproduct_brand&post=28932"},{"taxonomy":"product_cat","embeddable":true,"href":"https:\/\/sofa-factory.es\/index.php?rest_route=%2Fwp%2Fv2%2Fproduct_cat&post=28932"},{"taxonomy":"product_tag","embeddable":true,"href":"https:\/\/sofa-factory.es\/index.php?rest_route=%2Fwp%2Fv2%2Fproduct_tag&post=28932"}],"curies":[{"name":"wp","href":"https:\/\/api.w.org\/{rel}","templated":true}]}}