{"id":28314,"date":"2024-10-04T10:47:52","date_gmt":"2024-10-04T09:47:52","guid":{"rendered":"https:\/\/sofa-factory.es\/?post_type=product&#038;p=28314"},"modified":"2026-04-23T09:39:33","modified_gmt":"2026-04-23T08:39:33","slug":"chaisslong-leti-275cm-asientos-extraibles","status":"publish","type":"product","link":"https:\/\/sofa-factory.es\/?product=chaisslong-leti-275cm-asientos-extraibles","title":{"rendered":"Chaisslong LETI 275cm asientos extraibles"},"content":{"rendered":"<p><span style=\"font-size: 14pt;\">Chaisslong LETI asientos extensibles. Respaldos fijos.<\/span><\/p>\n<p><span style=\"font-size: 14pt;\">Tela acualine \u00faltima generac\u00edon de f\u00e1cil limpieza<\/span><\/p>\n<p><span style=\"font-size: 14pt;\">Medidas total 275cm x 160cm. Altura 100cm.<\/span><\/p>\n<p><span style=\"font-size: 14pt;\">Respaldos de fibra siliconada. <\/span><span style=\"font-size: 14pt;\">Armaz\u00f3n de madera y tablero.<br \/>\n<\/span><\/p>\n","protected":false},"excerpt":{"rendered":"<p><span style=\"font-size: 14pt;\">Chaisslong LETI asientos extensibles<\/span><\/p>\n<p><span style=\"font-size: 14pt;\">Asientos extraibles hasta formar cama para 1 persona<\/span><\/p>\n<p><span style=\"font-size: 14pt;\">Ancho total 275 x 160cm<\/span><\/p>\n<p><span style=\"font-size: 14pt;\">Tela acualine \u00faltima generaci\u00f3n de f\u00e1cil limpieza<\/span><\/p>\n<p><span style=\"font-size: 14pt;\">100+ opciones de telas a elegir<\/span><\/p>\n<p><span style=\"font-size: 14pt;\">Fabricaci\u00f3n propia<\/span><\/p>\n","protected":false},"featured_media":28309,"template":"","meta":{"_joinchat":[]},"product_brand":[],"product_cat":[704,700],"product_tag":[822,859],"class_list":{"0":"post-28314","1":"product","2":"type-product","3":"status-publish","4":"has-post-thumbnail","6":"product_cat-chaisse-longues","7":"product_cat-sofas-y-tapizados","8":"product_tag-5-plazas","9":"product_tag-asientos-extraibles","10":"pa_sentido-chaisslong-derecha-mirando-de-frente","11":"pa_sentido-chaisslong-izquierda-mirando-de-frente","13":"first","14":"instock","15":"sale","16":"taxable","17":"shipping-taxable","18":"purchasable","19":"product-type-simple"},"_links":{"self":[{"href":"https:\/\/sofa-factory.es\/index.php?rest_route=\/wp\/v2\/product\/28314","targetHints":{"allow":["GET"]}}],"collection":[{"href":"https:\/\/sofa-factory.es\/index.php?rest_route=\/wp\/v2\/product"}],"about":[{"href":"https:\/\/sofa-factory.es\/index.php?rest_route=\/wp\/v2\/types\/product"}],"version-history":[{"count":2,"href":"https:\/\/sofa-factory.es\/index.php?rest_route=\/wp\/v2\/product\/28314\/revisions"}],"predecessor-version":[{"id":28316,"href":"https:\/\/sofa-factory.es\/index.php?rest_route=\/wp\/v2\/product\/28314\/revisions\/28316"}],"wp:featuredmedia":[{"embeddable":true,"href":"https:\/\/sofa-factory.es\/index.php?rest_route=\/wp\/v2\/media\/28309"}],"wp:attachment":[{"href":"https:\/\/sofa-factory.es\/index.php?rest_route=%2Fwp%2Fv2%2Fmedia&parent=28314"}],"wp:term":[{"taxonomy":"product_brand","embeddable":true,"href":"https:\/\/sofa-factory.es\/index.php?rest_route=%2Fwp%2Fv2%2Fproduct_brand&post=28314"},{"taxonomy":"product_cat","embeddable":true,"href":"https:\/\/sofa-factory.es\/index.php?rest_route=%2Fwp%2Fv2%2Fproduct_cat&post=28314"},{"taxonomy":"product_tag","embeddable":true,"href":"https:\/\/sofa-factory.es\/index.php?rest_route=%2Fwp%2Fv2%2Fproduct_tag&post=28314"}],"curies":[{"name":"wp","href":"https:\/\/api.w.org\/{rel}","templated":true}]}}