{"id":28070,"date":"2024-10-02T10:25:58","date_gmt":"2024-10-02T09:25:58","guid":{"rendered":"https:\/\/sofa-factory.es\/?post_type=product&#038;p=28070"},"modified":"2026-04-16T05:24:22","modified_gmt":"2026-04-16T04:24:22","slug":"sofa-cama-sofia-mecanismo-italiano-140cm","status":"publish","type":"product","link":"https:\/\/sofa-factory.es\/?product=sofa-cama-sofia-mecanismo-italiano-140cm","title":{"rendered":"Sof\u00e1 cama SOFIA mecanismo italiano 140cm"},"content":{"rendered":"<p><span style=\"font-size: 14pt;\">Sof\u00e1 cama apertura italiana 3 plazas modelo SOFIA.<\/span><\/p>\n<p><span style=\"font-size: 14pt;\">Medidas: Ancho 197cm, alto 105cm, profundidad 98cm (con cama abierta) 210cm.<\/span><\/p>\n<p><span style=\"font-size: 14pt;\">Colch\u00f3n de 140x200cm, 12cm grosor.\u00a0<\/span><\/p>\n<p><span style=\"font-size: 14pt;\">Fabricado con s\u00f3lida estructura de madera. Espuma de poliuretano de gran densidad. Patas de madera con acabado en negro.<\/span><\/p>\n<p><span style=\"font-size: 14pt;\">Otros tejidos disponibles bajo pedido.<\/span><\/p>\n<p><span style=\"font-size: 14pt;\"><strong>Los colores var\u00edan de una pantalla a otra de PC, y de una tintada a otra de un rollo de tela a otro. Podr\u00eda haber una ligera variaci\u00f3n de color respecto a las fotos. ES TOTALMENTE NORMAL.<\/strong><\/span><\/p>\n<p><span style=\"font-size: 14pt;\">Embalaje: Pl\u00e1stico y cart\u00f3n.<\/span><\/p>\n<p>&nbsp;<\/p>\n","protected":false},"excerpt":{"rendered":"<div class=\"b-text text prd-text\">\n<div class=\"prd-text-c\">\n<p><span style=\"font-size: 20px;\">Sof\u00e1 SOFIA cama italiana 140cm<\/span><\/p>\n<p><span style=\"font-size: 20px;\">Colch\u00f3n 140x200cm extra confort<\/span><\/p>\n<p><span style=\"font-size: 20px;\">Tela acualine \u00faltima generac\u00edon de f\u00e1cil limpieza<\/span><\/p>\n<p><span style=\"font-size: 20px;\">Entrega inmediata<\/span><\/p>\n<\/div>\n<\/div>\n","protected":false},"featured_media":28293,"template":"","meta":{"_joinchat":[]},"product_brand":[],"product_cat":[700,703],"product_tag":[775,773],"class_list":{"0":"post-28070","1":"product","2":"type-product","3":"status-publish","4":"has-post-thumbnail","6":"product_cat-sofas-y-tapizados","7":"product_cat-sofascama","8":"product_tag-3-plazas","9":"product_tag-sofacama-italiano","11":"first","12":"onbackorder","13":"sale","14":"taxable","15":"shipping-taxable","16":"purchasable","17":"product-type-simple"},"_links":{"self":[{"href":"https:\/\/sofa-factory.es\/index.php?rest_route=\/wp\/v2\/product\/28070","targetHints":{"allow":["GET"]}}],"collection":[{"href":"https:\/\/sofa-factory.es\/index.php?rest_route=\/wp\/v2\/product"}],"about":[{"href":"https:\/\/sofa-factory.es\/index.php?rest_route=\/wp\/v2\/types\/product"}],"version-history":[{"count":3,"href":"https:\/\/sofa-factory.es\/index.php?rest_route=\/wp\/v2\/product\/28070\/revisions"}],"predecessor-version":[{"id":28255,"href":"https:\/\/sofa-factory.es\/index.php?rest_route=\/wp\/v2\/product\/28070\/revisions\/28255"}],"wp:featuredmedia":[{"embeddable":true,"href":"https:\/\/sofa-factory.es\/index.php?rest_route=\/wp\/v2\/media\/28293"}],"wp:attachment":[{"href":"https:\/\/sofa-factory.es\/index.php?rest_route=%2Fwp%2Fv2%2Fmedia&parent=28070"}],"wp:term":[{"taxonomy":"product_brand","embeddable":true,"href":"https:\/\/sofa-factory.es\/index.php?rest_route=%2Fwp%2Fv2%2Fproduct_brand&post=28070"},{"taxonomy":"product_cat","embeddable":true,"href":"https:\/\/sofa-factory.es\/index.php?rest_route=%2Fwp%2Fv2%2Fproduct_cat&post=28070"},{"taxonomy":"product_tag","embeddable":true,"href":"https:\/\/sofa-factory.es\/index.php?rest_route=%2Fwp%2Fv2%2Fproduct_tag&post=28070"}],"curies":[{"name":"wp","href":"https:\/\/api.w.org\/{rel}","templated":true}]}}