{"id":27694,"date":"2025-06-12T09:40:27","date_gmt":"2025-06-12T08:40:27","guid":{"rendered":"https:\/\/sofa-factory.es\/?post_type=product&#038;p=27694"},"modified":"2026-04-23T09:07:20","modified_gmt":"2026-04-23T08:07:20","slug":"set-sofa-3-plazas-rixos-capitone-1-sillon-deluxe","status":"publish","type":"product","link":"https:\/\/sofa-factory.es\/?product=set-sofa-3-plazas-rixos-capitone-1-sillon-deluxe","title":{"rendered":"Set sof\u00e1 3 plazas RIXOS CAPITONE+ 1 sill\u00f3n deluxe"},"content":{"rendered":"<p><span style=\"font-size: 14pt;\">Para el color grafitolux y cobrelux los detalles son en color oro; para el color azulux los detalles son en color plata.<\/span><\/p>\n<p><span style=\"font-size: 14pt;\">Medidas:<\/span><\/p>\n<p><span style=\"font-size: 14pt;\">Sof\u00e1 3 plazas: Ancho: 200 cms Fondo: 100 cms Altura: 90 cms.<\/span><\/p>\n<p><span style=\"font-size: 14pt;\">Sof\u00e1 4 plazas disponible. <\/span><span style=\"font-size: 14pt;\">Consultar stocks.<\/span><\/p>\n<p><span style=\"font-size: 14pt;\">Altura del asiento 45 cms.<\/span><\/p>\n<p><span style=\"font-size: 14pt;\">Bases de los asientos con muelles zig-zag. Fabricado con s\u00f3lida estructura de madera de roble.<\/span><\/p>\n<p><span style=\"font-size: 14pt;\">Espuma de poliuretano de gran densidad.<\/span><\/p>\n<p><span style=\"font-size: 14pt;\">EMBALAJE: Pl\u00e1stico de burbuja.<\/span><\/p>\n","protected":false},"excerpt":{"rendered":"<p><span style=\"font-size: 14pt;\">Set sof\u00e1 3 plazas RIXOS + 1 sill\u00f3n deluxe capiton\u00e9<\/span><\/p>\n<p><span style=\"font-size: 14pt;\">Respaldo del sof\u00e1 giratorio para usar como cama.<\/span><\/p>\n<p><span style=\"font-size: 14pt;\">Entrega inmediata<\/span><\/p>\n","protected":false},"featured_media":27697,"template":"","meta":{"_joinchat":[]},"product_brand":[],"product_cat":[705,700],"product_tag":[775,941,942,947],"class_list":{"0":"post-27694","1":"product","2":"type-product","3":"status-publish","4":"has-post-thumbnail","6":"product_cat-sofas-3-y-2-plazas","7":"product_cat-sofas-y-tapizados","8":"product_tag-3-plazas","9":"product_tag-capitone","10":"product_tag-deluxe","11":"product_tag-sofacama","13":"first","14":"instock","15":"sale","16":"taxable","17":"shipping-taxable","18":"purchasable","19":"product-type-variable","20":"has-default-attributes"},"_links":{"self":[{"href":"https:\/\/sofa-factory.es\/index.php?rest_route=\/wp\/v2\/product\/27694","targetHints":{"allow":["GET"]}}],"collection":[{"href":"https:\/\/sofa-factory.es\/index.php?rest_route=\/wp\/v2\/product"}],"about":[{"href":"https:\/\/sofa-factory.es\/index.php?rest_route=\/wp\/v2\/types\/product"}],"version-history":[{"count":3,"href":"https:\/\/sofa-factory.es\/index.php?rest_route=\/wp\/v2\/product\/27694\/revisions"}],"predecessor-version":[{"id":30237,"href":"https:\/\/sofa-factory.es\/index.php?rest_route=\/wp\/v2\/product\/27694\/revisions\/30237"}],"wp:featuredmedia":[{"embeddable":true,"href":"https:\/\/sofa-factory.es\/index.php?rest_route=\/wp\/v2\/media\/27697"}],"wp:attachment":[{"href":"https:\/\/sofa-factory.es\/index.php?rest_route=%2Fwp%2Fv2%2Fmedia&parent=27694"}],"wp:term":[{"taxonomy":"product_brand","embeddable":true,"href":"https:\/\/sofa-factory.es\/index.php?rest_route=%2Fwp%2Fv2%2Fproduct_brand&post=27694"},{"taxonomy":"product_cat","embeddable":true,"href":"https:\/\/sofa-factory.es\/index.php?rest_route=%2Fwp%2Fv2%2Fproduct_cat&post=27694"},{"taxonomy":"product_tag","embeddable":true,"href":"https:\/\/sofa-factory.es\/index.php?rest_route=%2Fwp%2Fv2%2Fproduct_tag&post=27694"}],"curies":[{"name":"wp","href":"https:\/\/api.w.org\/{rel}","templated":true}]}}