{"id":27495,"date":"2024-05-13T16:38:00","date_gmt":"2024-05-13T15:38:00","guid":{"rendered":"https:\/\/sofa-factory.es\/?post_type=product&#038;p=27495"},"modified":"2026-04-23T09:06:24","modified_gmt":"2026-04-23T08:06:24","slug":"sillon-relax-s50-boton-electrico","status":"publish","type":"product","link":"https:\/\/sofa-factory.es\/?product=sillon-relax-s50-boton-electrico","title":{"rendered":"Sill\u00f3n relax S50 bot\u00f3n el\u00e9ctrico"},"content":{"rendered":"<p><span style=\"font-size: 14pt;\">Sill\u00f3n relax el\u00e9ctrico fabricado en tela color piedra o cemento<\/span><\/p>\n<p><span style=\"font-size: 14pt;\">Asientos y respaldos de goma espuma<\/span><\/p>\n<p><span style=\"font-size: 14pt;\">Medidas: 103cm x 78cm (ancho) x 93 cm (fondo)<\/span><\/p>\n<p><span style=\"font-size: 14pt;\">EMBALAJE: Pl\u00e1stico y cart\u00f3n<\/span><\/p>\n","protected":false},"excerpt":{"rendered":"<p><span style=\"font-size: 14pt;\">Sill\u00f3n relax HS50 con bot\u00f3n el\u00e9ctrico<\/span><\/p>\n<p><span style=\"font-size: 14pt;\">2 colores, en stock entrega inmediata<\/span><\/p>\n","protected":false},"featured_media":27498,"template":"","meta":{"_joinchat":[]},"product_brand":[],"product_cat":[699,988,706,700],"product_tag":[],"class_list":{"0":"post-27495","1":"product","2":"type-product","3":"status-publish","4":"has-post-thumbnail","6":"product_cat-promociones-en-liquidacion","7":"product_cat-promociones","8":"product_cat-reclinables","9":"product_cat-sofas-y-tapizados","11":"first","12":"instock","13":"sale","14":"taxable","15":"shipping-taxable","16":"purchasable","17":"product-type-variable","18":"has-default-attributes"},"_links":{"self":[{"href":"https:\/\/sofa-factory.es\/index.php?rest_route=\/wp\/v2\/product\/27495","targetHints":{"allow":["GET"]}}],"collection":[{"href":"https:\/\/sofa-factory.es\/index.php?rest_route=\/wp\/v2\/product"}],"about":[{"href":"https:\/\/sofa-factory.es\/index.php?rest_route=\/wp\/v2\/types\/product"}],"version-history":[{"count":6,"href":"https:\/\/sofa-factory.es\/index.php?rest_route=\/wp\/v2\/product\/27495\/revisions"}],"predecessor-version":[{"id":27508,"href":"https:\/\/sofa-factory.es\/index.php?rest_route=\/wp\/v2\/product\/27495\/revisions\/27508"}],"wp:featuredmedia":[{"embeddable":true,"href":"https:\/\/sofa-factory.es\/index.php?rest_route=\/wp\/v2\/media\/27498"}],"wp:attachment":[{"href":"https:\/\/sofa-factory.es\/index.php?rest_route=%2Fwp%2Fv2%2Fmedia&parent=27495"}],"wp:term":[{"taxonomy":"product_brand","embeddable":true,"href":"https:\/\/sofa-factory.es\/index.php?rest_route=%2Fwp%2Fv2%2Fproduct_brand&post=27495"},{"taxonomy":"product_cat","embeddable":true,"href":"https:\/\/sofa-factory.es\/index.php?rest_route=%2Fwp%2Fv2%2Fproduct_cat&post=27495"},{"taxonomy":"product_tag","embeddable":true,"href":"https:\/\/sofa-factory.es\/index.php?rest_route=%2Fwp%2Fv2%2Fproduct_tag&post=27495"}],"curies":[{"name":"wp","href":"https:\/\/api.w.org\/{rel}","templated":true}]}}