{"id":27338,"date":"2025-01-14T17:36:52","date_gmt":"2025-01-14T16:36:52","guid":{"rendered":"https:\/\/sofa-factory.es\/?post_type=product&#038;p=27338"},"modified":"2026-04-20T13:24:24","modified_gmt":"2026-04-20T12:24:24","slug":"colchon-boston-visco-ensacado-28cm","status":"publish","type":"product","link":"https:\/\/sofa-factory.es\/?product=colchon-boston-visco-ensacado-28cm","title":{"rendered":"Colch\u00f3n BOSTON visco ensacado 28cm"},"content":{"rendered":"","protected":false},"excerpt":{"rendered":"<p><span style=\"font-size: 18px;\">Colch\u00f3n con n\u00facleo HR ultrasuave 2cm super suave + 2cm viscol\u00e1stica a doble cara<\/span><\/p>\n<p><span style=\"font-size: 18px;\">N\u00facleo HR 40kg\/m3<\/span><\/p>\n<p><span style=\"font-size: 18px;\">Medidas disponibles: Ancho 80cm hasta 200cm x Largo 190 hasta 200cm<\/span><\/p>\n<p><span style=\"font-size: 18px;\"><strong>S\u00f3lo se env\u00eda con\u00a0la modalidad \u00abservicio de entrega dentro del domicilio\u00bb, salvo para la zona de Torrevieja donde la entrega es gratis<\/strong><\/span><\/p>\n<p><span style=\"font-size: 18px;\">Tejido strech de alta calidad con tratamientos sanitized<\/span><\/p>\n<p><span style=\"font-size: 18px;\">Altura 28 cm<\/span><\/p>\n<p>&nbsp;<\/p>\n","protected":false},"featured_media":26959,"template":"","meta":{"_joinchat":[]},"product_brand":[],"product_cat":[727,726,1016],"product_tag":[1013,1019],"class_list":{"0":"post-27338","1":"product","2":"type-product","3":"status-publish","4":"has-post-thumbnail","6":"product_cat-colchones","7":"product_cat-descanso","8":"product_cat-hasta-300e","9":"product_tag-muelles-ensacados","10":"product_tag-viscolastica","11":"pa_medida-135x190cm","12":"pa_medida-150x190cm","13":"pa_medida-90x190cm","15":"first","16":"instock","17":"sale","18":"taxable","19":"shipping-taxable","20":"purchasable","21":"product-type-variable"},"_links":{"self":[{"href":"https:\/\/sofa-factory.es\/index.php?rest_route=\/wp\/v2\/product\/27338","targetHints":{"allow":["GET"]}}],"collection":[{"href":"https:\/\/sofa-factory.es\/index.php?rest_route=\/wp\/v2\/product"}],"about":[{"href":"https:\/\/sofa-factory.es\/index.php?rest_route=\/wp\/v2\/types\/product"}],"version-history":[{"count":6,"href":"https:\/\/sofa-factory.es\/index.php?rest_route=\/wp\/v2\/product\/27338\/revisions"}],"predecessor-version":[{"id":29067,"href":"https:\/\/sofa-factory.es\/index.php?rest_route=\/wp\/v2\/product\/27338\/revisions\/29067"}],"wp:featuredmedia":[{"embeddable":true,"href":"https:\/\/sofa-factory.es\/index.php?rest_route=\/wp\/v2\/media\/26959"}],"wp:attachment":[{"href":"https:\/\/sofa-factory.es\/index.php?rest_route=%2Fwp%2Fv2%2Fmedia&parent=27338"}],"wp:term":[{"taxonomy":"product_brand","embeddable":true,"href":"https:\/\/sofa-factory.es\/index.php?rest_route=%2Fwp%2Fv2%2Fproduct_brand&post=27338"},{"taxonomy":"product_cat","embeddable":true,"href":"https:\/\/sofa-factory.es\/index.php?rest_route=%2Fwp%2Fv2%2Fproduct_cat&post=27338"},{"taxonomy":"product_tag","embeddable":true,"href":"https:\/\/sofa-factory.es\/index.php?rest_route=%2Fwp%2Fv2%2Fproduct_tag&post=27338"}],"curies":[{"name":"wp","href":"https:\/\/api.w.org\/{rel}","templated":true}]}}