{"id":26946,"date":"2024-02-16T13:56:13","date_gmt":"2024-02-16T12:56:13","guid":{"rendered":"https:\/\/sofa-factory.es\/?post_type=product&#038;p=26946"},"modified":"2026-04-22T09:14:24","modified_gmt":"2026-04-22T08:14:24","slug":"colchon-trinity-ensacado-grafeno-27cm","status":"publish","type":"product","link":"https:\/\/sofa-factory.es\/?product=colchon-trinity-ensacado-grafeno-27cm","title":{"rendered":"Colch\u00f3n MAXI+ HR 28cm"},"content":{"rendered":"<p class=\"p1\"><span style=\"font-size: 18px;\">N\u00facleo de muelles ensacados con un punto m\u00e1s de firmeza en su n\u00facleo<\/span><\/p>\n<p class=\"p1\"><span style=\"font-size: 18px;\">Tejido Strech de alto gramaje con tratamiento airfresh y anti\u00e1caros. Acolchado con maquinaria de \u00faltima generaci\u00f3n con sistema de tapa a tapa.<\/span><\/p>\n<p class=\"p1\"><span style=\"font-size: 18px;\">Interior 2cm supersuave a ambas caras<\/span><\/p>\n<p class=\"p1\"><span style=\"font-size: 18px;\">Acolchado tapa a tapa.<\/span><\/p>\n","protected":false},"excerpt":{"rendered":"<p><span style=\"font-size: 18px;\">Colch\u00f3n MAXI+ n\u00facleo HR 28cm de grosor<\/span><\/p>\n<p><span style=\"font-size: 18px;\">Super suave 2cm a ambas caras<\/span><\/p>\n<p><span style=\"font-size: 18px;\">N\u00facleo HR 40kg\/m3<\/span><\/p>\n<p><span style=\"font-size: 18px;\">Medidas disponibles: Ancho 80cm hasta 200cm x Largo 190 hasta 200cm<\/span><\/p>\n<p><span style=\"font-size: 18px;\"><strong>S\u00f3lo se env\u00eda con\u00a0la modalidad \u00abservicio de entrega dentro del domicilio\u00bb, salvo para la zona de Torrevieja donde la entrega es gratis<\/strong><\/span><\/p>\n<p><span style=\"font-size: 18px;\">Altura 28 cm<\/span><\/p>\n<p><span style=\"font-size: 18px;\">\u00a0<\/span><\/p>\n<p><span style=\"font-size: 18px;\">Materiales naturales y confecci\u00f3n manual<\/span><\/p>\n","protected":false},"featured_media":29061,"template":"","meta":{"_joinchat":[]},"product_brand":[],"product_cat":[727,726,1016],"product_tag":[1021],"class_list":{"0":"post-26946","1":"product","2":"type-product","3":"status-publish","4":"has-post-thumbnail","6":"product_cat-colchones","7":"product_cat-descanso","8":"product_cat-hasta-300e","9":"product_tag-nucleo-hr","10":"pa_medida-135x190cm","11":"pa_medida-150x190cm","12":"pa_medida-90x190cm","14":"first","15":"instock","16":"sale","17":"taxable","18":"shipping-taxable","19":"purchasable","20":"product-type-variable","21":"has-default-attributes"},"_links":{"self":[{"href":"https:\/\/sofa-factory.es\/index.php?rest_route=\/wp\/v2\/product\/26946","targetHints":{"allow":["GET"]}}],"collection":[{"href":"https:\/\/sofa-factory.es\/index.php?rest_route=\/wp\/v2\/product"}],"about":[{"href":"https:\/\/sofa-factory.es\/index.php?rest_route=\/wp\/v2\/types\/product"}],"version-history":[{"count":4,"href":"https:\/\/sofa-factory.es\/index.php?rest_route=\/wp\/v2\/product\/26946\/revisions"}],"predecessor-version":[{"id":29066,"href":"https:\/\/sofa-factory.es\/index.php?rest_route=\/wp\/v2\/product\/26946\/revisions\/29066"}],"wp:featuredmedia":[{"embeddable":true,"href":"https:\/\/sofa-factory.es\/index.php?rest_route=\/wp\/v2\/media\/29061"}],"wp:attachment":[{"href":"https:\/\/sofa-factory.es\/index.php?rest_route=%2Fwp%2Fv2%2Fmedia&parent=26946"}],"wp:term":[{"taxonomy":"product_brand","embeddable":true,"href":"https:\/\/sofa-factory.es\/index.php?rest_route=%2Fwp%2Fv2%2Fproduct_brand&post=26946"},{"taxonomy":"product_cat","embeddable":true,"href":"https:\/\/sofa-factory.es\/index.php?rest_route=%2Fwp%2Fv2%2Fproduct_cat&post=26946"},{"taxonomy":"product_tag","embeddable":true,"href":"https:\/\/sofa-factory.es\/index.php?rest_route=%2Fwp%2Fv2%2Fproduct_tag&post=26946"}],"curies":[{"name":"wp","href":"https:\/\/api.w.org\/{rel}","templated":true}]}}