{"id":26362,"date":"2025-06-25T16:33:57","date_gmt":"2025-06-25T15:33:57","guid":{"rendered":"https:\/\/sofa-factory.es\/?post_type=product&#038;p=26362"},"modified":"2026-04-19T01:27:09","modified_gmt":"2026-04-19T00:27:09","slug":"chaisslong-cibeles-290cm-extraibles-con-arcones","status":"publish","type":"product","link":"https:\/\/sofa-factory.es\/?product=chaisslong-cibeles-290cm-extraibles-con-arcones","title":{"rendered":"Chaisslong CIBELES 290cm extraibles con arcones"},"content":{"rendered":"<p><span style=\"font-size: 14pt;\">Chaisslong CIBELES asientos extensibles. Arc\u00f3n en chaiss y en los 2 brazos.<\/span><\/p>\n<p><span style=\"font-size: 14pt;\">Tela acualine \u00faltima generac\u00edon de f\u00e1cil limpieza.<\/span><\/p>\n<p><span style=\"font-size: 14pt;\">Medidas total 290cm x 155cm.<\/span><\/p>\n<p><span style=\"font-size: 14pt;\">Respaldos de fibra siliconada.<\/span><\/p>\n<p><span style=\"font-size: 14pt;\">Armaz\u00f3n de madera y tablero.<br \/>\n<\/span><\/p>\n","protected":false},"excerpt":{"rendered":"<p><span style=\"font-size: 14pt;\">Chaisslong CIBELES asientos extensibles, arcones en los 2 brazos y en la chaisslong<\/span><\/p>\n<p><span style=\"font-size: 14pt;\">Asientos extraibles hasta formar cama uniforme<\/span><\/p>\n<p><span style=\"font-size: 14pt;\">Ancho total 290 x 155cm<\/span><\/p>\n<p><span style=\"font-size: 14pt;\">Tela acualine \u00faltima generaci\u00f3n de f\u00e1cil limpieza<\/span><\/p>\n<p><span style=\"font-size: 14pt;\">Fabricaci\u00f3n propia<\/span><\/p>\n","protected":false},"featured_media":27473,"template":"","meta":{"_joinchat":[]},"product_brand":[],"product_cat":[704,700],"product_tag":[822,859,816],"class_list":{"0":"post-26362","1":"product","2":"type-product","3":"status-publish","4":"has-post-thumbnail","6":"product_cat-chaisse-longues","7":"product_cat-sofas-y-tapizados","8":"product_tag-5-plazas","9":"product_tag-asientos-extraibles","10":"product_tag-con-arcon","11":"pa_sentido-chaisslong-derecha-mirando-de-frente","12":"pa_sentido-chaisslong-izquierda-mirando-de-frente","14":"first","15":"instock","16":"sale","17":"taxable","18":"shipping-taxable","19":"purchasable","20":"product-type-variable","21":"has-default-attributes"},"_links":{"self":[{"href":"https:\/\/sofa-factory.es\/index.php?rest_route=\/wp\/v2\/product\/26362","targetHints":{"allow":["GET"]}}],"collection":[{"href":"https:\/\/sofa-factory.es\/index.php?rest_route=\/wp\/v2\/product"}],"about":[{"href":"https:\/\/sofa-factory.es\/index.php?rest_route=\/wp\/v2\/types\/product"}],"version-history":[{"count":3,"href":"https:\/\/sofa-factory.es\/index.php?rest_route=\/wp\/v2\/product\/26362\/revisions"}],"predecessor-version":[{"id":27466,"href":"https:\/\/sofa-factory.es\/index.php?rest_route=\/wp\/v2\/product\/26362\/revisions\/27466"}],"wp:featuredmedia":[{"embeddable":true,"href":"https:\/\/sofa-factory.es\/index.php?rest_route=\/wp\/v2\/media\/27473"}],"wp:attachment":[{"href":"https:\/\/sofa-factory.es\/index.php?rest_route=%2Fwp%2Fv2%2Fmedia&parent=26362"}],"wp:term":[{"taxonomy":"product_brand","embeddable":true,"href":"https:\/\/sofa-factory.es\/index.php?rest_route=%2Fwp%2Fv2%2Fproduct_brand&post=26362"},{"taxonomy":"product_cat","embeddable":true,"href":"https:\/\/sofa-factory.es\/index.php?rest_route=%2Fwp%2Fv2%2Fproduct_cat&post=26362"},{"taxonomy":"product_tag","embeddable":true,"href":"https:\/\/sofa-factory.es\/index.php?rest_route=%2Fwp%2Fv2%2Fproduct_tag&post=26362"}],"curies":[{"name":"wp","href":"https:\/\/api.w.org\/{rel}","templated":true}]}}