{"id":26217,"date":"2024-10-02T16:03:50","date_gmt":"2024-10-02T15:03:50","guid":{"rendered":"https:\/\/sofa-factory.es\/?post_type=product&#038;p=26217"},"modified":"2026-04-18T08:40:53","modified_gmt":"2026-04-18T07:40:53","slug":"chaisslongue-mogambo-295cm","status":"publish","type":"product","link":"https:\/\/sofa-factory.es\/?product=chaisslongue-mogambo-295cm","title":{"rendered":"Chaisslongue MOGAMBO 295cm"},"content":{"rendered":"<p><span style=\"font-size: 14pt\">Composici\u00f3n: Sof\u00e1 3 plazas + modulo chaiss tela acualine \u00faltima generac\u00edon de f\u00e1cil limpieza.<\/span><\/p>\n<p><span style=\"font-size: 14pt\">Medidas total 295cm x 182cm.<\/span><\/p>\n<p><span style=\"font-size: 14pt\">Pouff intercambiable de lado. No est\u00e1 fijo.<\/span><\/p>\n<p><span style=\"font-size: 14pt\">Respaldos de fibra siliconada.<\/span><\/p>\n<p><span style=\"font-size: 14pt\">Armaz\u00f3n de madera y tablero.<br \/>\n<\/span><\/p>\n","protected":false},"excerpt":{"rendered":"<p><span style=\"font-size: 14pt\">Chaisslong con pouff intercambiable MOMBASA<br \/>\n<\/span><\/p>\n<p><span style=\"font-size: 14pt\">Ancho total 295cm x 180cm. <\/span><span style=\"font-size: 18.6667px\">En stock en la exposici\u00f3n<\/span><\/p>\n<p><span style=\"font-size: 14pt\">Tela acualine \u00faltima generaci\u00f3n de f\u00e1cil limpieza<\/span><\/p>\n<p><span style=\"font-size: 14pt\">Entrega a la agencia en 30 d\u00edas<\/span><\/p>\n","protected":false},"featured_media":27423,"template":"","meta":{"_joinchat":[]},"product_brand":[],"product_cat":[704,700],"product_tag":[822],"class_list":{"0":"post-26217","1":"product","2":"type-product","3":"status-publish","4":"has-post-thumbnail","6":"product_cat-chaisse-longues","7":"product_cat-sofas-y-tapizados","8":"product_tag-5-plazas","9":"pa_sentido-chaisslong-derecha-mirando-de-frente","10":"pa_sentido-chaisslong-izquierda-mirando-de-frente","12":"first","13":"outofstock","14":"taxable","15":"shipping-taxable","16":"purchasable","17":"product-type-simple"},"_links":{"self":[{"href":"https:\/\/sofa-factory.es\/index.php?rest_route=\/wp\/v2\/product\/26217","targetHints":{"allow":["GET"]}}],"collection":[{"href":"https:\/\/sofa-factory.es\/index.php?rest_route=\/wp\/v2\/product"}],"about":[{"href":"https:\/\/sofa-factory.es\/index.php?rest_route=\/wp\/v2\/types\/product"}],"version-history":[{"count":6,"href":"https:\/\/sofa-factory.es\/index.php?rest_route=\/wp\/v2\/product\/26217\/revisions"}],"predecessor-version":[{"id":29609,"href":"https:\/\/sofa-factory.es\/index.php?rest_route=\/wp\/v2\/product\/26217\/revisions\/29609"}],"wp:featuredmedia":[{"embeddable":true,"href":"https:\/\/sofa-factory.es\/index.php?rest_route=\/wp\/v2\/media\/27423"}],"wp:attachment":[{"href":"https:\/\/sofa-factory.es\/index.php?rest_route=%2Fwp%2Fv2%2Fmedia&parent=26217"}],"wp:term":[{"taxonomy":"product_brand","embeddable":true,"href":"https:\/\/sofa-factory.es\/index.php?rest_route=%2Fwp%2Fv2%2Fproduct_brand&post=26217"},{"taxonomy":"product_cat","embeddable":true,"href":"https:\/\/sofa-factory.es\/index.php?rest_route=%2Fwp%2Fv2%2Fproduct_cat&post=26217"},{"taxonomy":"product_tag","embeddable":true,"href":"https:\/\/sofa-factory.es\/index.php?rest_route=%2Fwp%2Fv2%2Fproduct_tag&post=26217"}],"curies":[{"name":"wp","href":"https:\/\/api.w.org\/{rel}","templated":true}]}}