{"id":24828,"date":"2024-05-26T16:31:57","date_gmt":"2024-05-26T15:31:57","guid":{"rendered":"https:\/\/sofa-factory.es\/?post_type=product&#038;p=24828"},"modified":"2026-04-22T15:01:24","modified_gmt":"2026-04-22T14:01:24","slug":"conjunto-malibu-fibra-sintetica-mesa-alta-2-pouffs","status":"publish","type":"product","link":"https:\/\/sofa-factory.es\/?product=conjunto-malibu-fibra-sintetica-mesa-alta-2-pouffs","title":{"rendered":"Conjunto MALIBU fibra sint\u00e9tica mesa alta 2 pouffs"},"content":{"rendered":"<p>Tresillo compuesto de 2 sillones , 1 sof\u00e1 de 3 plazas, 2 poufs y 1 mesa alta de comedor, con estructura de aluminio y tejido en fibra sint\u00e9tica color beige, esta fibra de alta calidad no procede de resinas recicladas, por lo que son indeformables y muy resistentes al sol y a la humedad<\/p>\n<p>MEDIDAS. mesa alta comedor: 69 cm alto x 130 cm ancho x 70 cm fondo. Medidas sof\u00e1 3 plazas: 72cm alto x 160 cm ancho x 70 cm fondo. Medidas sillones: 72cm alto x\u00a0 65cm ancho x 70cm fondo.<\/p>\n<p>MONTAJE. El conjunto MALIBU requiere montaje. NO es kit completamente. Montaje estimado en 20 minutos.<\/p>\n","protected":false},"excerpt":{"rendered":"<p><span style=\"font-size: 14pt;\">Conjunto sof\u00e1 MALIBU 3 plazas + 2 sillones + mesa alta comedor<\/span><\/p>\n<p><span style=\"font-size: 14pt;\">Estructura de aluminio y rat\u00e1n sint\u00e9tico con cojiner\u00eda<br \/>\n<\/span><\/p>\n<p><span style=\"font-size: 14pt;\">Tapicer\u00eda incluida en un \u00fanico color beige<\/span><\/p>\n","protected":false},"featured_media":28824,"template":"","meta":{"_joinchat":[]},"product_brand":[],"product_cat":[711,710],"product_tag":[822,798,899],"class_list":{"0":"post-24828","1":"product","2":"type-product","3":"status-publish","4":"has-post-thumbnail","6":"product_cat-conjuntos-sofa","7":"product_cat-mueble-de-jardin","8":"product_tag-5-plazas","9":"product_tag-estructura-de-aluminio","10":"product_tag-fibra-sintetica","12":"first","13":"outofstock","14":"sale","15":"taxable","16":"shipping-taxable","17":"purchasable","18":"product-type-simple"},"_links":{"self":[{"href":"https:\/\/sofa-factory.es\/index.php?rest_route=\/wp\/v2\/product\/24828","targetHints":{"allow":["GET"]}}],"collection":[{"href":"https:\/\/sofa-factory.es\/index.php?rest_route=\/wp\/v2\/product"}],"about":[{"href":"https:\/\/sofa-factory.es\/index.php?rest_route=\/wp\/v2\/types\/product"}],"version-history":[{"count":5,"href":"https:\/\/sofa-factory.es\/index.php?rest_route=\/wp\/v2\/product\/24828\/revisions"}],"predecessor-version":[{"id":24938,"href":"https:\/\/sofa-factory.es\/index.php?rest_route=\/wp\/v2\/product\/24828\/revisions\/24938"}],"wp:featuredmedia":[{"embeddable":true,"href":"https:\/\/sofa-factory.es\/index.php?rest_route=\/wp\/v2\/media\/28824"}],"wp:attachment":[{"href":"https:\/\/sofa-factory.es\/index.php?rest_route=%2Fwp%2Fv2%2Fmedia&parent=24828"}],"wp:term":[{"taxonomy":"product_brand","embeddable":true,"href":"https:\/\/sofa-factory.es\/index.php?rest_route=%2Fwp%2Fv2%2Fproduct_brand&post=24828"},{"taxonomy":"product_cat","embeddable":true,"href":"https:\/\/sofa-factory.es\/index.php?rest_route=%2Fwp%2Fv2%2Fproduct_cat&post=24828"},{"taxonomy":"product_tag","embeddable":true,"href":"https:\/\/sofa-factory.es\/index.php?rest_route=%2Fwp%2Fv2%2Fproduct_tag&post=24828"}],"curies":[{"name":"wp","href":"https:\/\/api.w.org\/{rel}","templated":true}]}}